{"id":311,"date":"2024-05-12T07:42:10","date_gmt":"2024-05-12T07:42:10","guid":{"rendered":"https:\/\/woocommerce.coinsnap.org\/inicio\/"},"modified":"2025-02-27T16:07:42","modified_gmt":"2025-02-27T16:07:42","slug":"inicio","status":"publish","type":"page","link":"https:\/\/woocommerce.coinsnap.org\/es\/","title":{"rendered":"Inicio"},"content":{"rendered":"<div class=\"wpb-content-wrapper\">[vc_row full_width=\u00bbstretch_row\u00bb fullwidth=\u00bbyes\u00bb background_color=\u00bb#6393c7&#8243; css=\u00bb.vc_custom_1713527353394{margin-top: -50px !important;}\u00bb][vc_column][vc_empty_space height=\u00bb70px\u00bb][vc_column_text]\n<h1 style=\"text-align: center;\"><span style=\"color: #ffffff;\">Akzeptiere Bitcoin und Lightning<br \/>\nmit Coinsnap for WooCommerce<\/span><\/h1>\n<p style=\"text-align: center;\"><span style=\"color: #ffffff;\">Bitcoin\/Lightning-Zahlungen in Onlineshop akzeptieren\u00a0<\/span><\/p>\n[\/vc_column_text][vc_empty_space height=\u00bb40px\u00bb][\/vc_column][\/vc_row][vc_row][vc_column][vc_empty_space height=\u00bb40px\u00bb][vc_column_text]Si tiene una tienda online que utiliza WooCommerce o un complemento de WordPress que utiliza WooCommerce para el procesamiento de pagos, puede integrar f\u00e1cilmente los pagos con Bitcoin y Lightning.<\/p>\n<p> El plugin Coinsnap for WooCommerce lo hace posible.<\/p>\n<p>Instalar el plugin es un juego de ni\u00f1os: simplemente inst\u00e1lelo, con\u00e9ctelo a su cuenta Coinsnap y sus clientes podr\u00e1n utilizar Bitcoin y Lightning para pagar.<br \/> Todas las transacciones de Bitcoin se env\u00edan inmediatamente a su Lightning Wallet y se abonan.<\/p>\n<p>Si quieres probar por ti mismo c\u00f3mo puedes recibir pagos Bitcoin y Lightning con una tienda WooCommerce, prueba nuestra tienda demo WooCommerce aqu\u00ed.[\/vc_column_text][vc_empty_space height=\u00bb40px\u00bb][\/vc_column][\/vc_row][vc_row full_width=\u00bbstretch_row\u00bb][vc_column][vc_empty_space height=\u00bb40px\u00bb][vc_row_inner][vc_column_inner]<div class=\"woocommerce columns-3 \"><\/div>[\/vc_column_inner][\/vc_row_inner][vc_empty_space height=\u00bb40px\u00bb][\/vc_column][\/vc_row]\n<\/div>","protected":false},"excerpt":{"rendered":"<p>[vc_row full_width=\u00bbstretch_row\u00bb fullwidth=\u00bbyes\u00bb background_color=\u00bb#6393c7&#8243; css=\u00bb.vc_custom_1713527353394{margin-top: -50px !important;}\u00bb][vc_column][vc_empty_space height=\u00bb70px\u00bb][vc_column_text] Akzeptiere Bitcoin und Lightning mit Coinsnap for WooCommerce Bitcoin\/Lightning-Zahlungen in Onlineshop akzeptieren\u00a0 [&hellip;]<\/p>\n","protected":false},"author":1,"featured_media":0,"parent":0,"menu_order":0,"comment_status":"closed","ping_status":"closed","template":"","meta":{"_uag_custom_page_level_css":"","footnotes":""},"class_list":["post-311","page","type-page","status-publish","hentry"],"uagb_featured_image_src":{"full":false,"thumbnail":false,"medium":false,"medium_large":false,"large":false,"1536x1536":false,"2048x2048":false,"woocommerce_thumbnail":false,"woocommerce_single":false,"woocommerce_gallery_thumbnail":false},"uagb_author_info":{"display_name":"admin","author_link":"https:\/\/woocommerce.coinsnap.org\/es\/author\/onlineshop24\/"},"uagb_comment_info":0,"uagb_excerpt":"[vc_row full_width=\u00bbstretch_row\u00bb fullwidth=\u00bbyes\u00bb background_color=\u00bb#6393c7&#8243; css=\u00bb.vc_custom_1713527353394{margin-top: -50px !important;}\u00bb][vc_column][vc_empty_space height=\u00bb70px\u00bb][vc_column_text] Akzeptiere Bitcoin und Lightning mit Coinsnap for WooCommerce Bitcoin\/Lightning-Zahlungen in Onlineshop akzeptieren\u00a0 [&hellip;]","_links":{"self":[{"href":"https:\/\/woocommerce.coinsnap.org\/es\/wp-json\/wp\/v2\/pages\/311","targetHints":{"allow":["GET"]}}],"collection":[{"href":"https:\/\/woocommerce.coinsnap.org\/es\/wp-json\/wp\/v2\/pages"}],"about":[{"href":"https:\/\/woocommerce.coinsnap.org\/es\/wp-json\/wp\/v2\/types\/page"}],"author":[{"embeddable":true,"href":"https:\/\/woocommerce.coinsnap.org\/es\/wp-json\/wp\/v2\/users\/1"}],"replies":[{"embeddable":true,"href":"https:\/\/woocommerce.coinsnap.org\/es\/wp-json\/wp\/v2\/comments?post=311"}],"version-history":[{"count":10,"href":"https:\/\/woocommerce.coinsnap.org\/es\/wp-json\/wp\/v2\/pages\/311\/revisions"}],"predecessor-version":[{"id":520,"href":"https:\/\/woocommerce.coinsnap.org\/es\/wp-json\/wp\/v2\/pages\/311\/revisions\/520"}],"wp:attachment":[{"href":"https:\/\/woocommerce.coinsnap.org\/es\/wp-json\/wp\/v2\/media?parent=311"}],"curies":[{"name":"wp","href":"https:\/\/api.w.org\/{rel}","templated":true}]}}