{"id":329,"date":"2024-05-12T07:42:10","date_gmt":"2024-05-12T07:42:10","guid":{"rendered":"https:\/\/woocommerce.coinsnap.org\/accueil\/"},"modified":"2025-02-28T10:52:06","modified_gmt":"2025-02-28T10:52:06","slug":"accueil","status":"publish","type":"page","link":"https:\/\/woocommerce.coinsnap.org\/fr\/","title":{"rendered":"Accueil"},"content":{"rendered":"<div class=\"wpb-content-wrapper\">[vc_row fullwidth=\u00a0\u00bbyes\u00a0\u00bb background_color=\u00a0\u00bb#6393c7&Prime; css=\u00a0\u00bb.vc_custom_1740668760502{margin-top: -50px !important;}\u00a0\u00bb][vc_column][vc_empty_space height=\u00a0\u00bb70px\u00a0\u00bb][vc_column_text]\n<h1 style=\"text-align: center;\"><span style=\"color: #ffffff;\">Accepter Bitcoin et Lightning avec Coinsnap for WooCommerce<\/span><\/h1>\n<p style=\"text-align: center;\"><span style=\"color: #ffffff;\">Accepter les paiements Bitcoin\/Lightning dans la boutique en ligne<br \/>\n<\/span><\/p>\n[\/vc_column_text][vc_empty_space height=\u00a0\u00bb40px\u00a0\u00bb][\/vc_column][\/vc_row][vc_row][vc_column][vc_empty_space height=\u00a0\u00bb40px\u00a0\u00bb][vc_column_text]Si vous g\u00e9rez une boutique en ligne utilisant WooCommerce ou un module compl\u00e9mentaire WordPress qui utilise WooCommerce pour le traitement des paiements, vous pouvez facilement int\u00e9grer les paiements Bitcoin et Lightning.<br \/>\nLe plugin Coinsnap for WooCommerce le permet.<br \/>\nL&rsquo;installation du plugin est un jeu d&rsquo;enfant : il suffit de l&rsquo;installer, de le connecter \u00e0 votre compte Coinsnap et vos clients peuvent utiliser Bitcoin et Lightning pour payer.<br \/>\nToutes les transactions en bitcoins sont imm\u00e9diatement transmises \u00e0 votre Lightning Wallet et cr\u00e9dit\u00e9es.<\/p>\n<p>Si vous voulez tester par vous-m\u00eame comment vous pouvez recevoir des paiements Bitcoin et Lightning avec une boutique WooCommerce, essayez notre boutique de d\u00e9monstration WooCommerce ici.<br \/>\n[\/vc_column_text][vc_empty_space height=\u00a0\u00bb40px\u00a0\u00bb][\/vc_column][\/vc_row][vc_row full_width=\u00a0\u00bbstretch_row\u00a0\u00bb][vc_column][vc_empty_space height=\u00a0\u00bb40px\u00a0\u00bb][vc_row_inner][vc_column_inner]<div class=\"woocommerce columns-3 \"><\/div>[\/vc_column_inner][\/vc_row_inner][vc_empty_space height=\u00a0\u00bb40px\u00a0\u00bb][\/vc_column][\/vc_row]\n<\/div>","protected":false},"excerpt":{"rendered":"<p>[vc_row fullwidth=\u00a0\u00bbyes\u00a0\u00bb background_color=\u00a0\u00bb#6393c7&Prime; css=\u00a0\u00bb.vc_custom_1740668760502{margin-top: -50px !important;}\u00a0\u00bb][vc_column][vc_empty_space height=\u00a0\u00bb70px\u00a0\u00bb][vc_column_text] Accepter Bitcoin et Lightning avec Coinsnap for WooCommerce Accepter les paiements Bitcoin\/Lightning dans [&hellip;]<\/p>\n","protected":false},"author":1,"featured_media":0,"parent":0,"menu_order":0,"comment_status":"closed","ping_status":"closed","template":"","meta":{"_uag_custom_page_level_css":"","footnotes":""},"class_list":["post-329","page","type-page","status-publish","hentry"],"uagb_featured_image_src":{"full":false,"thumbnail":false,"medium":false,"medium_large":false,"large":false,"1536x1536":false,"2048x2048":false,"woocommerce_thumbnail":false,"woocommerce_single":false,"woocommerce_gallery_thumbnail":false},"uagb_author_info":{"display_name":"admin","author_link":"https:\/\/woocommerce.coinsnap.org\/fr\/author\/onlineshop24\/"},"uagb_comment_info":0,"uagb_excerpt":"[vc_row fullwidth=\u00a0\u00bbyes\u00a0\u00bb background_color=\u00a0\u00bb#6393c7&Prime; css=\u00a0\u00bb.vc_custom_1740668760502{margin-top: -50px !important;}\u00a0\u00bb][vc_column][vc_empty_space height=\u00a0\u00bb70px\u00a0\u00bb][vc_column_text] Accepter Bitcoin et Lightning avec Coinsnap for WooCommerce Accepter les paiements Bitcoin\/Lightning dans [&hellip;]","_links":{"self":[{"href":"https:\/\/woocommerce.coinsnap.org\/fr\/wp-json\/wp\/v2\/pages\/329","targetHints":{"allow":["GET"]}}],"collection":[{"href":"https:\/\/woocommerce.coinsnap.org\/fr\/wp-json\/wp\/v2\/pages"}],"about":[{"href":"https:\/\/woocommerce.coinsnap.org\/fr\/wp-json\/wp\/v2\/types\/page"}],"author":[{"embeddable":true,"href":"https:\/\/woocommerce.coinsnap.org\/fr\/wp-json\/wp\/v2\/users\/1"}],"replies":[{"embeddable":true,"href":"https:\/\/woocommerce.coinsnap.org\/fr\/wp-json\/wp\/v2\/comments?post=329"}],"version-history":[{"count":3,"href":"https:\/\/woocommerce.coinsnap.org\/fr\/wp-json\/wp\/v2\/pages\/329\/revisions"}],"predecessor-version":[{"id":402,"href":"https:\/\/woocommerce.coinsnap.org\/fr\/wp-json\/wp\/v2\/pages\/329\/revisions\/402"}],"wp:attachment":[{"href":"https:\/\/woocommerce.coinsnap.org\/fr\/wp-json\/wp\/v2\/media?parent=329"}],"curies":[{"name":"wp","href":"https:\/\/api.w.org\/{rel}","templated":true}]}}