{"id":323,"date":"2024-05-12T07:42:10","date_gmt":"2024-05-12T07:42:10","guid":{"rendered":"https:\/\/woocommerce.coinsnap.org\/strona-glowna\/"},"modified":"2025-02-28T11:03:14","modified_gmt":"2025-02-28T11:03:14","slug":"strona-glowna","status":"publish","type":"page","link":"https:\/\/woocommerce.coinsnap.org\/pl\/","title":{"rendered":"Strona g\u0142\u00f3wna<br>"},"content":{"rendered":"<div class=\"wpb-content-wrapper\">[vc_row full_width=&#8221;stretch_row&#8221; fullwidth=&#8221;yes&#8221; background_color=&#8221;#6393c7&#8243; css=&#8221;.vc_custom_1713527353394{margin-top: -50px !important;}&#8221;][vc_column][vc_empty_space height=&#8221;70px&#8221;][vc_column_text]\n<h1 style=\"text-align: center;\"><span style=\"color: #ffffff;\">Akceptuj Bitcoin i Lightning z Coinsnap for WooCommerce<\/span><\/h1>\n<p style=\"text-align: center;\"><span style=\"color: #ffffff;\">Akceptuj p\u0142atno\u015bci Bitcoin\/Lightning w sklepie internetowym <\/span><\/p>\n[\/vc_column_text][vc_empty_space height=&#8221;40px&#8221;][\/vc_column][\/vc_row][vc_row][vc_column][vc_empty_space height=&#8221;40px&#8221;][vc_column_text]Je\u015bli prowadzisz sklep internetowy przy u\u017cyciu WooCommerce lub dodatku WordPress, kt\u00f3ry wykorzystuje WooCommerce do przetwarzania p\u0142atno\u015bci, mo\u017cesz \u0142atwo zintegrowa\u0107 p\u0142atno\u015bci Bitcoin i Lightning.<br \/> Umo\u017cliwia to wtyczka Coinsnap for WooCommerce.<\/p>\n<p>Instalacja wtyczki jest dziecinnie prosta: wystarczy j\u0105 zainstalowa\u0107, po\u0142\u0105czy\u0107 z kontem Coinsnap, a klienci b\u0119d\u0105 mogli p\u0142aci\u0107 za pomoc\u0105 Bitcoin i Lightning.<br \/> Wszystkie transakcje Bitcoin s\u0105 natychmiast przekazywane do portfela Lightning Wallet i uznawane.<\/p>\n<p>Je\u015bli chcesz wypr\u00f3bowa\u0107, jak mo\u017cesz otrzymywa\u0107 p\u0142atno\u015bci Bitcoin i Lightning za pomoc\u0105 sklepu WooCommerce, wypr\u00f3buj nasz sklep demonstracyjny WooCommerce tutaj.[\/vc_column_text][vc_empty_space height=&#8221;40px&#8221;][\/vc_column][\/vc_row][vc_row full_width=&#8221;stretch_row&#8221;][vc_column][vc_empty_space height=&#8221;40px&#8221;][vc_row_inner][vc_column_inner]<div class=\"woocommerce columns-3 \"><\/div>[\/vc_column_inner][\/vc_row_inner][vc_empty_space height=&#8221;40px&#8221;][\/vc_column][\/vc_row]\n<\/div>","protected":false},"excerpt":{"rendered":"<p>[vc_row full_width=&#8221;stretch_row&#8221; fullwidth=&#8221;yes&#8221; background_color=&#8221;#6393c7&#8243; css=&#8221;.vc_custom_1713527353394{margin-top: -50px !important;}&#8221;][vc_column][vc_empty_space height=&#8221;70px&#8221;][vc_column_text] Akceptuj Bitcoin i Lightning z Coinsnap for WooCommerce Akceptuj p\u0142atno\u015bci Bitcoin\/Lightning w [&hellip;]<\/p>\n","protected":false},"author":1,"featured_media":0,"parent":0,"menu_order":0,"comment_status":"closed","ping_status":"closed","template":"","meta":{"_uag_custom_page_level_css":"","footnotes":""},"class_list":["post-323","page","type-page","status-publish","hentry"],"uagb_featured_image_src":{"full":false,"thumbnail":false,"medium":false,"medium_large":false,"large":false,"1536x1536":false,"2048x2048":false,"woocommerce_thumbnail":false,"woocommerce_single":false,"woocommerce_gallery_thumbnail":false},"uagb_author_info":{"display_name":"admin","author_link":"https:\/\/woocommerce.coinsnap.org\/pl\/author\/onlineshop24\/"},"uagb_comment_info":0,"uagb_excerpt":"[vc_row full_width=&#8221;stretch_row&#8221; fullwidth=&#8221;yes&#8221; background_color=&#8221;#6393c7&#8243; css=&#8221;.vc_custom_1713527353394{margin-top: -50px !important;}&#8221;][vc_column][vc_empty_space height=&#8221;70px&#8221;][vc_column_text] Akceptuj Bitcoin i Lightning z Coinsnap for WooCommerce Akceptuj p\u0142atno\u015bci Bitcoin\/Lightning w [&hellip;]","_links":{"self":[{"href":"https:\/\/woocommerce.coinsnap.org\/pl\/wp-json\/wp\/v2\/pages\/323","targetHints":{"allow":["GET"]}}],"collection":[{"href":"https:\/\/woocommerce.coinsnap.org\/pl\/wp-json\/wp\/v2\/pages"}],"about":[{"href":"https:\/\/woocommerce.coinsnap.org\/pl\/wp-json\/wp\/v2\/types\/page"}],"author":[{"embeddable":true,"href":"https:\/\/woocommerce.coinsnap.org\/pl\/wp-json\/wp\/v2\/users\/1"}],"replies":[{"embeddable":true,"href":"https:\/\/woocommerce.coinsnap.org\/pl\/wp-json\/wp\/v2\/comments?post=323"}],"version-history":[{"count":2,"href":"https:\/\/woocommerce.coinsnap.org\/pl\/wp-json\/wp\/v2\/pages\/323\/revisions"}],"predecessor-version":[{"id":325,"href":"https:\/\/woocommerce.coinsnap.org\/pl\/wp-json\/wp\/v2\/pages\/323\/revisions\/325"}],"wp:attachment":[{"href":"https:\/\/woocommerce.coinsnap.org\/pl\/wp-json\/wp\/v2\/media?parent=323"}],"curies":[{"name":"wp","href":"https:\/\/api.w.org\/{rel}","templated":true}]}}