{"id":314,"date":"2024-05-12T07:42:10","date_gmt":"2024-05-12T07:42:10","guid":{"rendered":"https:\/\/woocommerce.coinsnap.org\/pocetna\/"},"modified":"2025-02-28T10:59:24","modified_gmt":"2025-02-28T10:59:24","slug":"pocetna","status":"publish","type":"page","link":"https:\/\/woocommerce.coinsnap.org\/sr\/","title":{"rendered":"Po\u010detna"},"content":{"rendered":"<div class=\"wpb-content-wrapper\">[vc_row full_width=&#8220;stretch_row&#8220; fullwidth=&#8220;yes&#8220; background_color=&#8220;#6393c7&#8243; css=&#8220;.vc_custom_1713527353394{margin-top: -50px !important;}&#8220;][vc_column][vc_empty_space height=&#8220;70px&#8220;][vc_column_text]\n<h1 style=\"text-align: center;\"><span style=\"color: #ffffff;\">Prihvatite Bitcoin i Lightning sa Coinsnap for WooCommerce<\/span><\/h1>\n<p style=\"text-align: center;\"><span style=\"color: #ffffff;\">Prihvatite Bitcoin\/Lightning payments u va\u0161oj internet prodavnici <\/span><\/p>\n[\/vc_column_text][vc_empty_space height=&#8220;40px&#8220;][\/vc_column][\/vc_row][vc_row][vc_column][vc_empty_space height=&#8220;40px&#8220;][vc_column_text]Ako ima\u0161 internet prodavnicu koriste\u0107i WooCommerce ili WordPress dodatak koji koristi WooCommerce kao sistem pla\u0107anja, mo\u017ee\u0161 lako integrisati Bitcoin i Lightning pla\u0107anja.<\/p>\n<p> Coinsnap dodatak za WooCommerce to \u010dini mogu\u0107im.<\/p>\n<p>Instaliranje dodatka je veoma lako: jednostavno ga instalirajte , pove\u017eite sa va\u0161im Coinsnap nalogom i va\u0161i klijenti mogu da koriste Bitcoin i Lightning za pla\u0107anje.<br \/> Sve Bitcoin transakcije se odmah prosle\u0111uju do va\u0161eg Lightning nova\u010danika i bele\u017ee.<\/p>\n<p>Ako \u017eelite sami da probate kako da primate Bitcoin i Lightning uplate kroz WooCommenrce prodavnicu, posetite na\u0161u WooCommerce demo prodavnicu ovde.[\/vc_column_text][vc_empty_space height=&#8220;40px&#8220;][\/vc_column][\/vc_row][vc_row full_width=&#8220;stretch_row&#8220;][vc_column][vc_empty_space height=&#8220;40px&#8220;][vc_row_inner][vc_column_inner]<div class=\"woocommerce columns-3 \"><\/div>[\/vc_column_inner][\/vc_row_inner][vc_empty_space height=&#8220;40px&#8220;][\/vc_column][\/vc_row]\n<\/div>","protected":false},"excerpt":{"rendered":"<p>[vc_row full_width=&#8220;stretch_row&#8220; fullwidth=&#8220;yes&#8220; background_color=&#8220;#6393c7&#8243; css=&#8220;.vc_custom_1713527353394{margin-top: -50px !important;}&#8220;][vc_column][vc_empty_space height=&#8220;70px&#8220;][vc_column_text] Prihvatite Bitcoin i Lightning sa Coinsnap for WooCommerce Prihvatite Bitcoin\/Lightning payments u [&hellip;]<\/p>\n","protected":false},"author":1,"featured_media":0,"parent":0,"menu_order":0,"comment_status":"closed","ping_status":"closed","template":"","meta":{"_uag_custom_page_level_css":"","footnotes":""},"class_list":["post-314","page","type-page","status-publish","hentry"],"uagb_featured_image_src":{"full":false,"thumbnail":false,"medium":false,"medium_large":false,"large":false,"1536x1536":false,"2048x2048":false,"woocommerce_thumbnail":false,"woocommerce_single":false,"woocommerce_gallery_thumbnail":false},"uagb_author_info":{"display_name":"admin","author_link":"https:\/\/woocommerce.coinsnap.org\/sr\/author\/onlineshop24\/"},"uagb_comment_info":0,"uagb_excerpt":"[vc_row full_width=&#8220;stretch_row&#8220; fullwidth=&#8220;yes&#8220; background_color=&#8220;#6393c7&#8243; css=&#8220;.vc_custom_1713527353394{margin-top: -50px !important;}&#8220;][vc_column][vc_empty_space height=&#8220;70px&#8220;][vc_column_text] Prihvatite Bitcoin i Lightning sa Coinsnap for WooCommerce Prihvatite Bitcoin\/Lightning payments u [&hellip;]","_links":{"self":[{"href":"https:\/\/woocommerce.coinsnap.org\/sr\/wp-json\/wp\/v2\/pages\/314","targetHints":{"allow":["GET"]}}],"collection":[{"href":"https:\/\/woocommerce.coinsnap.org\/sr\/wp-json\/wp\/v2\/pages"}],"about":[{"href":"https:\/\/woocommerce.coinsnap.org\/sr\/wp-json\/wp\/v2\/types\/page"}],"author":[{"embeddable":true,"href":"https:\/\/woocommerce.coinsnap.org\/sr\/wp-json\/wp\/v2\/users\/1"}],"replies":[{"embeddable":true,"href":"https:\/\/woocommerce.coinsnap.org\/sr\/wp-json\/wp\/v2\/comments?post=314"}],"version-history":[{"count":2,"href":"https:\/\/woocommerce.coinsnap.org\/sr\/wp-json\/wp\/v2\/pages\/314\/revisions"}],"predecessor-version":[{"id":316,"href":"https:\/\/woocommerce.coinsnap.org\/sr\/wp-json\/wp\/v2\/pages\/314\/revisions\/316"}],"wp:attachment":[{"href":"https:\/\/woocommerce.coinsnap.org\/sr\/wp-json\/wp\/v2\/media?parent=314"}],"curies":[{"name":"wp","href":"https:\/\/api.w.org\/{rel}","templated":true}]}}